{"id":84,"date":"2022-03-17T16:29:27","date_gmt":"2022-03-17T19:29:27","guid":{"rendered":"https:\/\/senadorcanedo.go.gov.br\/smt\/?page_id=84"},"modified":"2024-08-26T18:42:10","modified_gmt":"2024-08-26T21:42:10","slug":"estudos-tecnicos-fiscalizacao-eletronica","status":"publish","type":"page","link":"https:\/\/senadorcanedo.go.gov.br\/smt\/estudos-tecnicos-fiscalizacao-eletronica\/","title":{"rendered":"Estudos T\u00e9cnicos &#8211; Fiscaliza\u00e7\u00e3o Eletr\u00f4nica"},"content":{"rendered":"\n<p>Veja os  Estudos T\u00e9cnicos para a instala\u00e7\u00e3o de instrumentos ou equipamentos medidores de velocidade realizados no munic\u00edpio de Senador Canedo &#8211; GO:<\/p>\n\n\n\n<p><\/p>\n\n\n\n<p><\/p>\n\n\n\n<p><\/p>\n\n\n\n<figure class=\"wp-block-table\"><table><tbody><tr><td>MTGO701R (SA\u00cdDA BELA VISTA)<\/td><td>05 P\u00e1ginas<\/td><\/tr><tr><td>MTGO701R (SINAGOGA)<\/td><td>05 P\u00e1ginas<\/td><\/tr><tr><td>MTGO702R (SA\u00cdDA GO 010)<\/td><td>05 P\u00e1ginas<\/td><\/tr><tr><td>MTGO703R (JAIKAR)<\/td><td>05 P\u00e1ginas<\/td><\/tr><tr><td>MTGO705R (PAROQUIA VILA GALV\u00c3O)<\/td><td>05 P\u00e1ginas<\/td><\/tr><tr><td>MTGO705R(IGREJA VILA NOVA)<\/td><td>03 P\u00e1ginas<\/td><\/tr><tr><td>MTGO706R (SHOPPING)<\/td><td>05 P\u00e1ginas<\/td><\/tr><tr><td>MTGO707R (M\u00c3OS POSTAS)<\/td><td>05 P\u00e1ginas <\/td><\/tr><tr><td>MTGO708R (POSTO MILLENIUM)<\/td><td>05 P\u00e1ginas <\/td><\/tr><tr><td>MTGO709R (FLOR CANTINHO DO CERRADO)<\/td><td>05 P\u00e1ginas <\/td><\/tr><tr><td>MTGO710R(VILA GALV\u00c3O)<\/td><td>05 P\u00e1ginas <\/td><\/tr><tr><td>MTGO711R (BRETAS)<\/td><td>03 P\u00e1ginas <\/td><\/tr><tr><td>MTG0621R (REDE DA CONSTRU\u00c7\u00c3O)  <\/td><td>04 P\u00e1ginas<\/td><\/tr><tr><td>MTGO622R (PARQUE DA FAM\u00cdLIA) <\/td><td>03 P\u00e1ginas<\/td><\/tr><tr><td>MTGO623R (RES. \u00c1GUAS CLARAS)<\/td><td>03 P\u00e1ginas<\/td><\/tr><tr><td>MTGO624R (CEMIT\u00c9RIO)<\/td><td>03 P\u00e1ginas<\/td><\/tr><tr><td>MTGO625R (CAMPO SABAR\u00c1)<\/td><td>04 P\u00e1ginas<\/td><\/tr><tr><td>MTGO626R (ELEVADO LINHA F\u00c9RREA)<\/td><td>02 P\u00e1ginas<\/td><\/tr><tr><td>MTGO627R (CONJUNTO CH\u00c1CARAS)<\/td><td>04 P\u00e1ginas<\/td><\/tr><tr><td>MTG0521R (ESCOLA JOS\u00c9 CARNEIRO)<\/td><td>03 P\u00e1ginas<\/td><\/tr><tr><td>MTG0704R (COL\u00c9GIO INTERATIVA)<\/td><td>05 P\u00e1ginas<\/td><\/tr><tr><td>MTGO305r (SUPERMERCADO ECONOMIZE)<\/td><td>02  P\u00e1ginas <\/td><\/tr><tr><td>MTGO304R (DISTRIBU\u00cdDORA TABOC\u00c3O)<\/td><td>02 P\u00e1ginas <\/td><\/tr><tr><td>MTGO302R (VIADUTO LINHA F\u00c9RREA)<\/td><td>02 P\u00e1ginas<\/td><\/tr><\/tbody><\/table><\/figure>\n\n\n\n<ul class=\"wp-block-list\"><li><strong>MTG0703R (JAIKAR)<\/strong><\/li><\/ul>\n\n\n\n<div class=\"wp-block-file\"><a href=\"https:\/\/senadorcanedo.go.gov.br\/smt\/wp-content\/uploads\/sites\/7\/2022\/03\/MTGO703R_JAIKAR..pdf\">MTGO703R_JAIKAR.<\/a><a href=\"https:\/\/senadorcanedo.go.gov.br\/smt\/wp-content\/uploads\/sites\/7\/2022\/03\/MTGO703R_JAIKAR..pdf\" class=\"wp-block-file__button\" download>Baixar<\/a><\/div>\n\n\n\n<ul class=\"wp-block-list\"><li><strong>MTGO702R (SA\u00cdDA P\/ GO 010)<\/strong><\/li><\/ul>\n\n\n\n<div class=\"wp-block-file\"><a href=\"https:\/\/senadorcanedo.go.gov.br\/smt\/wp-content\/uploads\/sites\/7\/2022\/03\/MTGO702R_SAIDA_GO_010..pdf\">MTGO702R_SAIDA_GO_010.<\/a><a href=\"https:\/\/senadorcanedo.go.gov.br\/smt\/wp-content\/uploads\/sites\/7\/2022\/03\/MTGO702R_SAIDA_GO_010..pdf\" class=\"wp-block-file__button\" download>Baixar<\/a><\/div>\n\n\n\n<ul class=\"wp-block-list\"><li><strong>MTGO705R (IGREJA VILA NOVA)<\/strong><\/li><\/ul>\n\n\n\n<div class=\"wp-block-file\"><a href=\"https:\/\/senadorcanedo.go.gov.br\/smt\/wp-content\/uploads\/sites\/7\/2022\/03\/MTGO705RIGREJA_VILA_NOVA.pdf\">MTGO705RIGREJA_VILA_NOVA<\/a><a href=\"https:\/\/senadorcanedo.go.gov.br\/smt\/wp-content\/uploads\/sites\/7\/2022\/03\/MTGO705RIGREJA_VILA_NOVA.pdf\" class=\"wp-block-file__button\" download>Baixar<\/a><\/div>\n\n\n\n<ul class=\"wp-block-list\"><li><strong>MTGO701R ( SA\u00cdDA P\/ BELA VISTA)<\/strong><\/li><\/ul>\n\n\n\n<div class=\"wp-block-file\"><a href=\"https:\/\/senadorcanedo.go.gov.br\/smt\/wp-content\/uploads\/sites\/7\/2022\/03\/MTGO701R_SAIDA_BELA_VISTA..pdf\">MTGO701R_SAIDA_BELA_VISTA.<\/a><a href=\"https:\/\/senadorcanedo.go.gov.br\/smt\/wp-content\/uploads\/sites\/7\/2022\/03\/MTGO701R_SAIDA_BELA_VISTA..pdf\" class=\"wp-block-file__button\" download>Baixar<\/a><\/div>\n\n\n\n<ul class=\"wp-block-list\"><li><strong>MTGO705R (PAR\u00d3QUIA VILA GALV\u00c3O)<\/strong><\/li><\/ul>\n\n\n\n<div class=\"wp-block-file\"><a href=\"https:\/\/senadorcanedo.go.gov.br\/smt\/wp-content\/uploads\/sites\/7\/2022\/03\/MTGO705R_PAROQUIA_VILA_GALVAO..pdf\">MTGO705R_PAROQUIA_VILA_GALVAO.<\/a><a href=\"https:\/\/senadorcanedo.go.gov.br\/smt\/wp-content\/uploads\/sites\/7\/2022\/03\/MTGO705R_PAROQUIA_VILA_GALVAO..pdf\" class=\"wp-block-file__button\" download>Baixar<\/a><\/div>\n\n\n\n<ul class=\"wp-block-list\"><li><strong>MTGO701R (SINAGOGA)<\/strong><\/li><\/ul>\n\n\n\n<div class=\"wp-block-file\"><a href=\"https:\/\/senadorcanedo.go.gov.br\/smt\/wp-content\/uploads\/sites\/7\/2022\/03\/MTGO701R_SINAGOGA.pdf\">MTGO701R_SINAGOGA<\/a><a href=\"https:\/\/senadorcanedo.go.gov.br\/smt\/wp-content\/uploads\/sites\/7\/2022\/03\/MTGO701R_SINAGOGA.pdf\" class=\"wp-block-file__button\" download>Baixar<\/a><\/div>\n\n\n<ul>\n<li><strong>MTGO706R (SHOPPING)<\/strong><\/li>\n<\/ul>\n\n\n<div class=\"wp-block-file\"><a href=\"https:\/\/senadorcanedo.go.gov.br\/smt\/wp-content\/uploads\/sites\/7\/2022\/04\/MTGO706R_SHOPPING.pdf\">MTGO706R_SHOPPING<\/a><a href=\"https:\/\/senadorcanedo.go.gov.br\/smt\/wp-content\/uploads\/sites\/7\/2022\/04\/MTGO706R_SHOPPING.pdf\" class=\"wp-block-file__button\" download>Baixar<\/a><\/div>\n\n\n<ul>\n<li><strong>MTGO707R (M\u00c3OS POSTAS)<\/strong><\/li>\n<\/ul>\n\n\n<div class=\"wp-block-file\"><a href=\"https:\/\/senadorcanedo.go.gov.br\/smt\/wp-content\/uploads\/sites\/7\/2022\/04\/MTGO707R_MAOS_POSTAS.pdf\">MTGO707R_MAOS_POSTAS<\/a><a href=\"https:\/\/senadorcanedo.go.gov.br\/smt\/wp-content\/uploads\/sites\/7\/2022\/04\/MTGO707R_MAOS_POSTAS.pdf\" class=\"wp-block-file__button\" download>Baixar<\/a><\/div>\n\n\n<ul>\n<li><strong>MTGO708R (POSTO MILLENIUM)<\/strong><\/li>\n<\/ul>\n\n\n<div class=\"wp-block-file\"><a href=\"https:\/\/senadorcanedo.go.gov.br\/smt\/wp-content\/uploads\/sites\/7\/2022\/04\/MTGO708R_POSTO_MILLENIUM.pdf\">MTGO708R_POSTO_MILLENIUM<\/a><a href=\"https:\/\/senadorcanedo.go.gov.br\/smt\/wp-content\/uploads\/sites\/7\/2022\/04\/MTGO708R_POSTO_MILLENIUM.pdf\" class=\"wp-block-file__button\" download>Baixar<\/a><\/div>\n\n\n<ul>\n<li><strong>MTGO709R (FLOR CANTINHO DO CERRADO)<\/strong><\/li>\n<\/ul>\n\n\n<div class=\"wp-block-file\"><a href=\"https:\/\/senadorcanedo.go.gov.br\/smt\/wp-content\/uploads\/sites\/7\/2022\/04\/MTGO709R_FLOR_CANTINHO_DO_CERRADO.pdf\">MTGO709R_FLOR_CANTINHO_DO_CERRADO<\/a><a href=\"https:\/\/senadorcanedo.go.gov.br\/smt\/wp-content\/uploads\/sites\/7\/2022\/04\/MTGO709R_FLOR_CANTINHO_DO_CERRADO.pdf\" class=\"wp-block-file__button\" download>Baixar<\/a><\/div>\n\n\n<ul>\n<li><strong>MTGO710R (VILA GALV\u00c3O)<\/strong><\/li>\n<\/ul>\n\n\n<div class=\"wp-block-file\"><a href=\"https:\/\/senadorcanedo.go.gov.br\/smt\/wp-content\/uploads\/sites\/7\/2022\/04\/MTGO710RVILA_GALVAO.pdf\">MTGO710RVILA_GALVAO<\/a><a href=\"https:\/\/senadorcanedo.go.gov.br\/smt\/wp-content\/uploads\/sites\/7\/2022\/04\/MTGO710RVILA_GALVAO.pdf\" class=\"wp-block-file__button\" download>Baixar<\/a><\/div>\n\n\n<ul>\n<li><strong>MTGO711R (BRETAS)<\/strong><\/li>\n<\/ul>\n\n\n<div class=\"wp-block-file\"><a href=\"https:\/\/senadorcanedo.go.gov.br\/smt\/wp-content\/uploads\/sites\/7\/2022\/04\/MTGO711R_BRETAS.pdf\">MTGO711R_BRETAS<\/a><a href=\"https:\/\/senadorcanedo.go.gov.br\/smt\/wp-content\/uploads\/sites\/7\/2022\/04\/MTGO711R_BRETAS.pdf\" class=\"wp-block-file__button\" download>Baixar<\/a><\/div>\n\n\n\n<ul class=\"wp-block-list\"><li><strong> MTG0621R (REDE DA CONSTRU\u00c7\u00c3O) <\/strong> <\/li><\/ul>\n\n\n\n<div class=\"wp-block-file\"><a href=\"https:\/\/senadorcanedo.go.gov.br\/smt\/wp-content\/uploads\/sites\/7\/2022\/08\/MTG0621R.pdf\">MTG0621R<\/a><a href=\"https:\/\/senadorcanedo.go.gov.br\/smt\/wp-content\/uploads\/sites\/7\/2022\/08\/MTG0621R.pdf\" class=\"wp-block-file__button\" download>Baixar<\/a><\/div>\n\n\n\n<ul class=\"wp-block-list\"><li><strong>MTGO622R (PARQUE DA FAM\u00cdLIA)  <\/strong><\/li><\/ul>\n\n\n\n<div class=\"wp-block-file\"><a href=\"https:\/\/senadorcanedo.go.gov.br\/smt\/wp-content\/uploads\/sites\/7\/2022\/08\/MTGO622R-1.pdf\">MTGO622R<\/a><a href=\"https:\/\/senadorcanedo.go.gov.br\/smt\/wp-content\/uploads\/sites\/7\/2022\/08\/MTGO622R-1.pdf\" class=\"wp-block-file__button\" download>Baixar<\/a><\/div>\n\n\n\n<ul class=\"wp-block-list\"><li><strong>MTGO623R (RES. \u00c1GUAS CLARAS)<\/strong> <\/li><\/ul>\n\n\n\n<div class=\"wp-block-file\"><a href=\"https:\/\/senadorcanedo.go.gov.br\/smt\/wp-content\/uploads\/sites\/7\/2022\/08\/MTGO623R.pdf\">MTGO623R<\/a><a href=\"https:\/\/senadorcanedo.go.gov.br\/smt\/wp-content\/uploads\/sites\/7\/2022\/08\/MTGO623R.pdf\" class=\"wp-block-file__button\" download>Baixar<\/a><\/div>\n\n\n\n<ul class=\"wp-block-list\"><li> <strong>MTGO624R (CEMIT\u00c9RIO) <\/strong><\/li><\/ul>\n\n\n\n<div class=\"wp-block-file\"><a href=\"https:\/\/senadorcanedo.go.gov.br\/smt\/wp-content\/uploads\/sites\/7\/2022\/08\/MTGO624R.pdf\">MTGO624R<\/a><a href=\"https:\/\/senadorcanedo.go.gov.br\/smt\/wp-content\/uploads\/sites\/7\/2022\/08\/MTGO624R.pdf\" class=\"wp-block-file__button\" download>Baixar<\/a><\/div>\n\n\n\n<ul class=\"wp-block-list\"><li> <strong>MTGO625R (CAMPO SABAR\u00c1) <\/strong><\/li><\/ul>\n\n\n\n<div class=\"wp-block-file\"><a href=\"https:\/\/senadorcanedo.go.gov.br\/smt\/wp-content\/uploads\/sites\/7\/2022\/08\/MTGO625R.pdf\">MTGO625R<\/a><a href=\"https:\/\/senadorcanedo.go.gov.br\/smt\/wp-content\/uploads\/sites\/7\/2022\/08\/MTGO625R.pdf\" class=\"wp-block-file__button\" download>Baixar<\/a><\/div>\n\n\n\n<ul class=\"wp-block-list\"><li> <strong>MTGO626R (ELEVADO LINHA F\u00c9RREA)<\/strong> <\/li><\/ul>\n\n\n\n<div class=\"wp-block-file\"><a href=\"https:\/\/senadorcanedo.go.gov.br\/smt\/wp-content\/uploads\/sites\/7\/2022\/08\/MTGO626R.pdf\">MTGO626R<\/a><a href=\"https:\/\/senadorcanedo.go.gov.br\/smt\/wp-content\/uploads\/sites\/7\/2022\/08\/MTGO626R.pdf\" class=\"wp-block-file__button\" download>Baixar<\/a><\/div>\n\n\n\n<ul class=\"wp-block-list\"><li> <strong>MTGO627R (CONJUNTO CH\u00c1CARAS) <\/strong><\/li><\/ul>\n\n\n\n<div class=\"wp-block-file\"><a href=\"https:\/\/senadorcanedo.go.gov.br\/smt\/wp-content\/uploads\/sites\/7\/2022\/08\/MTGO627R.pdf\">MTGO627R<\/a><a href=\"https:\/\/senadorcanedo.go.gov.br\/smt\/wp-content\/uploads\/sites\/7\/2022\/08\/MTGO627R.pdf\" class=\"wp-block-file__button\" download>Baixar<\/a><\/div>\n\n\n\n<ul class=\"wp-block-list\"><li> <strong>MTG0521R (ESCOLA JOS\u00c9 CARNEIRO)<\/strong> <\/li><\/ul>\n\n\n\n<div class=\"wp-block-file\"><a href=\"https:\/\/senadorcanedo.go.gov.br\/smt\/wp-content\/uploads\/sites\/7\/2022\/08\/MTG0521R.pdf\">MTG0521R<\/a><a href=\"https:\/\/senadorcanedo.go.gov.br\/smt\/wp-content\/uploads\/sites\/7\/2022\/08\/MTG0521R.pdf\" class=\"wp-block-file__button\" download>Baixar<\/a><\/div>\n\n\n\n<ul class=\"wp-block-list\"><li> MTG0704R<strong> (COL\u00c9GIO INTERATIVA) <\/strong><\/li><\/ul>\n\n\n\n<div class=\"wp-block-file\"><a href=\"https:\/\/senadorcanedo.go.gov.br\/smt\/wp-content\/uploads\/sites\/7\/2022\/08\/MTG0704R.pdf\">MTG0704R<\/a><a href=\"https:\/\/senadorcanedo.go.gov.br\/smt\/wp-content\/uploads\/sites\/7\/2022\/08\/MTG0704R.pdf\" class=\"wp-block-file__button\" download>Baixar<\/a><\/div>\n\n\n\n<ul class=\"wp-block-list\"><li><strong>MTGO305 (SUPERMERCADO ECONOMIZE)<\/strong><\/li><\/ul>\n\n\n\n<div class=\"wp-block-file\"><a href=\"https:\/\/senadorcanedo.go.gov.br\/smt\/wp-content\/uploads\/sites\/7\/2023\/03\/MTGO305-SUPERMERCADO-ECONOMIZE.pdf\">MTGO305 &#8211; SUPERMERCADO ECONOMIZE<\/a><a href=\"https:\/\/senadorcanedo.go.gov.br\/smt\/wp-content\/uploads\/sites\/7\/2023\/03\/MTGO305-SUPERMERCADO-ECONOMIZE.pdf\" class=\"wp-block-file__button\" download>Baixar<\/a><\/div>\n\n\n\n<ul class=\"wp-block-list\"><li><strong>MTGO304R (DISTRIBUIDORA TABOC\u00c3O)<\/strong><\/li><\/ul>\n\n\n\n<div class=\"wp-block-file\"><a href=\"https:\/\/senadorcanedo.go.gov.br\/smt\/wp-content\/uploads\/sites\/7\/2023\/03\/MTGO304R-DISTRIBUIDORA-TABOCAO.pdf\">MTGO304R &#8211; DISTRIBUIDORA TABOCAO<\/a><a href=\"https:\/\/senadorcanedo.go.gov.br\/smt\/wp-content\/uploads\/sites\/7\/2023\/03\/MTGO304R-DISTRIBUIDORA-TABOCAO.pdf\" class=\"wp-block-file__button\" download>Baixar<\/a><\/div>\n\n\n\n<ul class=\"wp-block-list\"><li><strong>MTGO302R (VIADUTO LINHA FERREA)<\/strong><\/li><\/ul>\n\n\n\n<div class=\"wp-block-file\"><a href=\"https:\/\/senadorcanedo.go.gov.br\/smt\/wp-content\/uploads\/sites\/7\/2023\/03\/MTGO302R-VIADUTO-LINHA-FERREA-1.pdf\">MTGO302R &#8211; VIADUTO LINHA FERREA<\/a><a href=\"https:\/\/senadorcanedo.go.gov.br\/smt\/wp-content\/uploads\/sites\/7\/2023\/03\/MTGO302R-VIADUTO-LINHA-FERREA-1.pdf\" class=\"wp-block-file__button\" download>Baixar<\/a><\/div>\n\n\n\n<p><a href=\"https:\/\/senadorcanedo.go.gov.br\/smt\/wp-content\/uploads\/sites\/7\/2024\/08\/MT301POSTO-FLAMBOYANT.pdf\">MT301 &#8211; Av. Alexandre P Lima x Rua F-11, Qd. 15 Lt. 16, Jardim Flamboyant <\/a><\/p>\n\n\n\n<p><a href=\"https:\/\/senadorcanedo.go.gov.br\/wp-content\/uploads\/2024\/08\/MT302-ELEVADO-LINHA-FERREA.pdf\">MT302 &#8211; Rua Prof. Henrique Peclat, Qd. G Lt. 04, Vargem Bonita<\/a><\/p>\n\n\n\n<p><a href=\"https:\/\/senadorcanedo.go.gov.br\/wp-content\/uploads\/2024\/08\/MT306-SAIDA-DE-BELA-VISTA.pdf\">MT306 &#8211; Av. Pedro Miranda xAv. Goi\u00e1s, Monte Azul<\/a><\/p>\n\n\n\n<p><a href=\"https:\/\/senadorcanedo.go.gov.br\/wp-content\/uploads\/2024\/08\/MT308SAIDA-GO010.pdf\">MT308 &#8211; Av. Maca\u00faba x Rua JM-1 Qd. 32, Jardim das Oliveiras<\/a><\/p>\n\n\n\n<p><a href=\"https:\/\/senadorcanedo.go.gov.br\/wp-content\/uploads\/2024\/08\/MT309JAIKAR.pdf\">MT309 &#8211; Av. Dom Emanuel, Qd. 1 Lt. 12 &#8211; Bairro das lnd\u00fastrias<\/a><\/p>\n\n\n\n<p><a href=\"https:\/\/senadorcanedo.go.gov.br\/wp-content\/uploads\/2024\/08\/MT310FUJIOKA.pdf\">MT310 &#8211; Av Dom Emanuel x Av. Progresso Qd. 1G Lt. 26, Centro<\/a><\/p>\n\n\n\n<p><a href=\"https:\/\/senadorcanedo.go.gov.br\/wp-content\/uploads\/2024\/08\/MT332COLEGIO-INTERATIVA.pdf\">MT332 &#8211; Rua ltabaiana Qd. 06-4, Mla Santa Rosa <\/a><\/p>\n\n\n\n<p><a href=\"https:\/\/senadorcanedo.go.gov.br\/wp-content\/uploads\/2024\/08\/MT333REDE-DA-CONSTRUCAO.pdf\">MT333 &#8211; Av. Dom Emanuel x Rua Toledo Pizza, Qd. 33 Lt. 05, Vila Santa<br>Rosa <\/a><\/p>\n\n\n\n<p><a href=\"https:\/\/senadorcanedo.go.gov.br\/wp-content\/uploads\/2024\/08\/MT334CONJUTO-CHACARAS.pdf\">MT334 &#8211; Rua ltaperuna Qd. 19, Conj. Sabia &#8211; Senador Canedo\/GO<\/a><\/p>\n\n\n\n<p><a href=\"https:\/\/senadorcanedo.go.gov.br\/wp-content\/uploads\/2024\/08\/MT339RES.-AGUAS-CLARAS.pdf\">MT339 &#8211; Av. Campina Verde Qd. 11 , Vale da Brisas<\/a><\/p>\n\n\n\n<p><a href=\"https:\/\/senadorcanedo.go.gov.br\/wp-content\/uploads\/2024\/08\/MT340MAOS-POSTAS.pdf\">MT340 &#8211; Av. Dom Emanuel +120 Metros Sent. Centro, Boa Vista<\/a><\/p>\n\n\n\n<p><a href=\"https:\/\/senadorcanedo.go.gov.br\/wp-content\/uploads\/2024\/08\/MT341SETOR-CASTROS.pdf\">MT341 &#8211; Av. Sen. Canedo x Via Acesso Cedro + 120 MT, Setor Castros<\/a><\/p>\n\n\n\n<p><a href=\"https:\/\/senadorcanedo.go.gov.br\/wp-content\/uploads\/2024\/08\/MT342VILA-GALVAO.pdf\">MT342 &#8211; Rua Joaquim Nicolau +73Mt Rio M. Ponte, Vila Galv\u00e3o<\/a><\/p>\n\n\n\n<p><a href=\"https:\/\/senadorcanedo.go.gov.br\/wp-content\/uploads\/2024\/08\/MT343BRETAS.pdf\">MT343 &#8211; Av. Dom Emanuel, Qd. 36, Bairro das lndustrias<\/a><\/p>\n\n\n\n<p><a href=\"https:\/\/senadorcanedo.go.gov.br\/wp-content\/uploads\/2024\/08\/MT344ESCOLA-JOSE-CARNEIRO.pdf\">MT344 &#8211;  Av. Jos\u00e9 Carneiro x Rua JC-\u00edg, Jardim Canedo <\/a><\/p>\n\n\n\n<p><a href=\"https:\/\/senadorcanedo.go.gov.br\/wp-content\/uploads\/2024\/08\/MT345-PARQUE-DA-FAMILIA.pdf\">MT345 &#8211; Av. Central Qd. 26 Lt. 09, Conj. Uirapuru<\/a><\/p>\n\n\n\n<p><a href=\"https:\/\/senadorcanedo.go.gov.br\/wp-content\/uploads\/2024\/08\/MT346CEMITERIO.pdf\">MT346 &#8211; Av. Progresso Qd. 01 , Recanto dos Sonho<\/a>s<\/p>\n\n\n\n<p><a href=\"https:\/\/senadorcanedo.go.gov.br\/wp-content\/uploads\/2024\/08\/MT347CAMPO-SABARA.pdf\">MT347 &#8211; Rua 2 x Av. Raimundo Pinto Qd. D Lt. 3, Vl. Bom Sucesso<\/a><\/p>\n\n\n\n<p><a href=\"https:\/\/senadorcanedo.go.gov.br\/wp-content\/uploads\/2024\/08\/MT348-PAROQUIA-VILA-GALVAO.pdf\">MT348 &#8211; Av. S\u00e3o Paulo x Av. Minas Gerais Qd. S Lt. 24, Vila Galv\u00e3o<\/a><\/p>\n\n\n\n<p><\/p>\n","protected":false},"excerpt":{"rendered":"<p>Veja os Estudos T\u00e9cnicos para a instala\u00e7\u00e3o de instrumentos ou equipamentos medidores de velocidade realizados no munic\u00edpio de Senador Canedo &#8211; GO: MTGO701R (SA\u00cdDA BELA VISTA) 05 P\u00e1ginas MTGO701R (SINAGOGA) 05 P\u00e1ginas MTGO702R (SA\u00cdDA GO 010) 05 P\u00e1ginas MTGO703R (JAIKAR) 05 P\u00e1ginas MTGO705R (PAROQUIA VILA GALV\u00c3O) 05 P\u00e1ginas MTGO705R(IGREJA VILA NOVA) 03 P\u00e1ginas MTGO706R (SHOPPING) [&hellip;]<\/p>\n","protected":false},"author":1,"featured_media":0,"parent":0,"menu_order":0,"comment_status":"closed","ping_status":"closed","template":"","meta":{"_acf_changed":false,"custom_icon_class":"","footnotes":""},"class_list":["post-84","page","type-page","status-publish","hentry"],"acf":[],"_links":{"self":[{"href":"https:\/\/senadorcanedo.go.gov.br\/smt\/wp-json\/wp\/v2\/pages\/84","targetHints":{"allow":["GET"]}}],"collection":[{"href":"https:\/\/senadorcanedo.go.gov.br\/smt\/wp-json\/wp\/v2\/pages"}],"about":[{"href":"https:\/\/senadorcanedo.go.gov.br\/smt\/wp-json\/wp\/v2\/types\/page"}],"author":[{"embeddable":true,"href":"https:\/\/senadorcanedo.go.gov.br\/smt\/wp-json\/wp\/v2\/users\/1"}],"replies":[{"embeddable":true,"href":"https:\/\/senadorcanedo.go.gov.br\/smt\/wp-json\/wp\/v2\/comments?post=84"}],"version-history":[{"count":9,"href":"https:\/\/senadorcanedo.go.gov.br\/smt\/wp-json\/wp\/v2\/pages\/84\/revisions"}],"predecessor-version":[{"id":442,"href":"https:\/\/senadorcanedo.go.gov.br\/smt\/wp-json\/wp\/v2\/pages\/84\/revisions\/442"}],"wp:attachment":[{"href":"https:\/\/senadorcanedo.go.gov.br\/smt\/wp-json\/wp\/v2\/media?parent=84"}],"curies":[{"name":"wp","href":"https:\/\/api.w.org\/{rel}","templated":true}]}}